{"id":14,"date":"2016-08-01T20:50:46","date_gmt":"2016-08-01T19:50:46","guid":{"rendered":"http:\/\/www.academiebach.com\/?page_id=14"},"modified":"2023-06-08T08:54:15","modified_gmt":"2023-06-08T07:54:15","slug":"22-novembre-2023","status":"publish","type":"page","link":"https:\/\/www.academiebach.com\/index.php\/22-novembre-2023\/","title":{"rendered":"Mercredi 22 novembre 2023 \u00e0 20h30"},"content":{"rendered":"<p>\u00a0<\/p>\n<p><strong><span style=\"color: #000000;\"><img decoding=\"async\" loading=\"lazy\" class=\"wp-image-537  alignright\" src=\"http:\/\/www.academiebach.com\/wp-content\/uploads\/2023\/06\/Les-Surprises-orchestre-cp.-Ludo-Leleu-scaled.jpg\" alt=\"\" width=\"591\" height=\"394\" srcset=\"https:\/\/www.academiebach.com\/wp-content\/uploads\/2023\/06\/Les-Surprises-orchestre-cp.-Ludo-Leleu-scaled.jpg 2560w, https:\/\/www.academiebach.com\/wp-content\/uploads\/2023\/06\/Les-Surprises-orchestre-cp.-Ludo-Leleu-300x200.jpg 300w, https:\/\/www.academiebach.com\/wp-content\/uploads\/2023\/06\/Les-Surprises-orchestre-cp.-Ludo-Leleu-1024x683.jpg 1024w, https:\/\/www.academiebach.com\/wp-content\/uploads\/2023\/06\/Les-Surprises-orchestre-cp.-Ludo-Leleu-768x512.jpg 768w, https:\/\/www.academiebach.com\/wp-content\/uploads\/2023\/06\/Les-Surprises-orchestre-cp.-Ludo-Leleu-1536x1024.jpg 1536w, https:\/\/www.academiebach.com\/wp-content\/uploads\/2023\/06\/Les-Surprises-orchestre-cp.-Ludo-Leleu-2048x1365.jpg 2048w, https:\/\/www.academiebach.com\/wp-content\/uploads\/2023\/06\/Les-Surprises-orchestre-cp.-Ludo-Leleu-620x413.jpg 620w\" sizes=\"(max-width: 591px) 100vw, 591px\" \/>ensemble LES SURPRISES<\/span><\/strong><\/p>\n<p><span style=\"color: #000000;\">Salle de l&rsquo;Ermitage-Compostelle, Le Bouscat<\/span><\/p>\n<p>Purcell et Blow<\/p>\n<p><strong>Ensemble, c\u00e9l\u00e9brons la musique et rendons hommage \u00e0 son pouvoir\u00a0!<\/strong><\/p>\n<p>Au XVII<sup>e<\/sup> si\u00e8cle tous les grands musiciens s\u2019att\u00e8lent \u00e0 la composition pour la f\u00eate de Sainte C\u00e9cile, patronne des musiciens. L\u2019ensemble Les Surprises compos\u00e9 de solistes, ch\u0153ur et orchestre propose de mettre en regard celle des deux compositeurs majeurs de la couronne d\u2019Angleterre\u00a0: Henry Purcell et John Blow.<\/p>\n<p><strong>ACHAT DES BILLETS :<\/strong><\/p>\n<p><a class=\"weezevent-widget-integration\" title=\"Logiciel billetterie en ligne\" href=\"https:\/\/www.helloasso.com\/associations\/association-academie-bach\/evenements\/grandes-odes-ensemble-les-surprises\" target=\"_blank\" rel=\"noopener\" data-src=\"https:\/\/www.weezevent.com\/widget_multi.php?312015.5.1.bo\" data-width=\"100%\" data-height=\"100%\" data-id=\"multi\" data-resize=\"1\" data-npb=\"0\" data-width_auto=\"1\">Billetterie HelloAsso<\/a><\/p>\n<p><span style=\"color: #000000;\">R\u00e9servation recommand\u00e9e : <a href=\"https:\/\/www.helloasso.com\/associations\/association-academie-bach\/evenements\/grandes-odes-ensemble-les-surprises\" target=\"_blank\" rel=\"noopener\">Sur internet<\/a> &#8211; contact@academiebach.com &#8211; 06 19 64 67 38<\/span><\/p>\n<p>Machine \u00e0 Musique\u00a0: 15 rue du Plmnt Ste-Catherine, Bordeaux\u00a0: 05 56 44 81 53<br \/><span style=\"color: #000000;\">Sur place le soir du concert<\/span><\/p>\n<p><iframe loading=\"lazy\" title=\"Passion - V\u00e9ronique Gens - ensemble Les Surprises\" width=\"620\" height=\"349\" src=\"https:\/\/www.youtube.com\/embed\/Llck8TyCj5Q?feature=oembed\" frameborder=\"0\" allow=\"accelerometer; autoplay; clipboard-write; encrypted-media; gyroscope; picture-in-picture; web-share\" allowfullscreen><\/iframe><\/p>\n\n\n<figure class=\"wp-block-embed is-type-video is-provider-youtube wp-block-embed-youtube wp-embed-aspect-16-9 wp-has-aspect-ratio\"><div class=\"wp-block-embed__wrapper\">\n<iframe loading=\"lazy\" title=\"PURCELL \/\/ Tyrannic Love by Ensemble Les Surprises &amp; Louis-No\u00ebl Bestion de Camboulas\" width=\"620\" height=\"349\" src=\"https:\/\/www.youtube.com\/embed\/zDyj3RmbzdI?feature=oembed\" frameborder=\"0\" allow=\"accelerometer; autoplay; clipboard-write; encrypted-media; gyroscope; picture-in-picture; web-share\" allowfullscreen><\/iframe>\n<\/div><\/figure>\n\n\n\n<p><\/p>\n","protected":false},"excerpt":{"rendered":"<p>\u00a0 ensemble LES SURPRISES Salle de l&rsquo;Ermitage-Compostelle, Le Bouscat Purcell et Blow Ensemble, c\u00e9l\u00e9brons la musique et rendons hommage \u00e0 son pouvoir\u00a0! Au XVIIe si\u00e8cle tous les grands musiciens s\u2019att\u00e8lent \u00e0 la composition pour la f\u00eate de Sainte C\u00e9cile, patronne des musiciens. L\u2019ensemble Les Surprises compos\u00e9 de solistes, ch\u0153ur et orchestre propose de mettre en [&hellip;]<\/p>\n","protected":false},"author":1,"featured_media":0,"parent":0,"menu_order":6,"comment_status":"closed","ping_status":"closed","template":"","meta":[],"_links":{"self":[{"href":"https:\/\/www.academiebach.com\/index.php\/wp-json\/wp\/v2\/pages\/14"}],"collection":[{"href":"https:\/\/www.academiebach.com\/index.php\/wp-json\/wp\/v2\/pages"}],"about":[{"href":"https:\/\/www.academiebach.com\/index.php\/wp-json\/wp\/v2\/types\/page"}],"author":[{"embeddable":true,"href":"https:\/\/www.academiebach.com\/index.php\/wp-json\/wp\/v2\/users\/1"}],"replies":[{"embeddable":true,"href":"https:\/\/www.academiebach.com\/index.php\/wp-json\/wp\/v2\/comments?post=14"}],"version-history":[{"count":33,"href":"https:\/\/www.academiebach.com\/index.php\/wp-json\/wp\/v2\/pages\/14\/revisions"}],"predecessor-version":[{"id":540,"href":"https:\/\/www.academiebach.com\/index.php\/wp-json\/wp\/v2\/pages\/14\/revisions\/540"}],"wp:attachment":[{"href":"https:\/\/www.academiebach.com\/index.php\/wp-json\/wp\/v2\/media?parent=14"}],"curies":[{"name":"wp","href":"https:\/\/api.w.org\/{rel}","templated":true}]}}