{"id":24,"date":"2016-08-01T20:50:34","date_gmt":"2016-08-01T19:50:34","guid":{"rendered":"http:\/\/www.academiebach.com\/?page_id=24"},"modified":"2025-10-19T09:39:35","modified_gmt":"2025-10-19T08:39:35","slug":"accueil","status":"publish","type":"page","link":"https:\/\/www.academiebach.com\/","title":{"rendered":"Accueil"},"content":{"rendered":"\n<p>Les Musicales du Bouscat, port\u00e9es par l\u2019association L\u2019Acad\u00e9mie J.S. Bach, s\u2019inscrivent \u00e0 nouveau dans le paysage culturel de la Mairie du Bouscat pour la saison 2025-2026 !<\/p>\n\n\n\n<p>Gr\u00e2ce au dynamisme de notre Directrice Artistique Aude Marchand, violoniste de l&rsquo;Orchestre National Bordeaux Aquitaine, nous vous proposons cinq concerts pens\u00e9s autour d\u2019artistes locaux et internationaux. De la formation duo au quintette, du quatuor \u00e0 cordes au trio avec accord\u00e9on, venez partager avec nous ces soir\u00e9es musicales et y d\u00e9couvrir des compositeurs et compositrices aux \u0153uvres bouleversantes. Nous vous attendons nombreux et nombreuses pour partager avec nous ces magnifiques soir\u00e9es musicales\u2026 toujours suivies d\u2019un verre de l\u2019amiti\u00e9 en compagnie des artistes !<\/p>\n\n\n\n<p>Pour adh\u00e9rer \u00e0 l&rsquo;association Acad\u00e9mie Jean-S\u00e9bastien Bach, c&rsquo;est par ici : <a href=\"https:\/\/www.helloasso.com\/associations\/academie-jean-sebastien-bach\/adhesions\/adhesion-academie-j-s-bach-2025-2026\">Adh\u00e9sion 2025-2026<\/a>   <\/p>\n\n\n\n<p>Et pour faire un don \u00e0 l&rsquo;association, c&rsquo;est par l\u00e0 : <a href=\"https:\/\/www.helloasso.com\/associations\/academie-jean-sebastien-bach\/formulaires\/1\" data-type=\"URL\">Faire un don \u00e0 l&rsquo;Acad\u00e9mie J.S. Bach<\/a><\/p>\n\n\n\n<p><\/p>\n\n\n\n<p><\/p>\n\n\n\n<p><\/p>\n","protected":false},"excerpt":{"rendered":"<p>Les Musicales du Bouscat, port\u00e9es par l\u2019association L\u2019Acad\u00e9mie J.S. Bach, s\u2019inscrivent \u00e0 nouveau dans le paysage culturel de la Mairie du Bouscat pour la saison 2025-2026 ! Gr\u00e2ce au dynamisme de notre Directrice Artistique Aude Marchand, violoniste de l&rsquo;Orchestre National Bordeaux Aquitaine, nous vous proposons cinq concerts pens\u00e9s autour d\u2019artistes locaux et internationaux. De la [&hellip;]<\/p>\n","protected":false},"author":1,"featured_media":0,"parent":0,"menu_order":0,"comment_status":"closed","ping_status":"closed","template":"","meta":[],"_links":{"self":[{"href":"https:\/\/www.academiebach.com\/index.php\/wp-json\/wp\/v2\/pages\/24"}],"collection":[{"href":"https:\/\/www.academiebach.com\/index.php\/wp-json\/wp\/v2\/pages"}],"about":[{"href":"https:\/\/www.academiebach.com\/index.php\/wp-json\/wp\/v2\/types\/page"}],"author":[{"embeddable":true,"href":"https:\/\/www.academiebach.com\/index.php\/wp-json\/wp\/v2\/users\/1"}],"replies":[{"embeddable":true,"href":"https:\/\/www.academiebach.com\/index.php\/wp-json\/wp\/v2\/comments?post=24"}],"version-history":[{"count":24,"href":"https:\/\/www.academiebach.com\/index.php\/wp-json\/wp\/v2\/pages\/24\/revisions"}],"predecessor-version":[{"id":866,"href":"https:\/\/www.academiebach.com\/index.php\/wp-json\/wp\/v2\/pages\/24\/revisions\/866"}],"wp:attachment":[{"href":"https:\/\/www.academiebach.com\/index.php\/wp-json\/wp\/v2\/media?parent=24"}],"curies":[{"name":"wp","href":"https:\/\/api.w.org\/{rel}","templated":true}]}}