{"id":26,"date":"2016-08-01T20:50:52","date_gmt":"2016-08-01T19:50:52","guid":{"rendered":"http:\/\/www.academiebach.com\/?page_id=26"},"modified":"2024-06-12T14:45:59","modified_gmt":"2024-06-12T13:45:59","slug":"contacts","status":"publish","type":"page","link":"https:\/\/www.academiebach.com\/index.php\/contacts\/","title":{"rendered":"Contacts"},"content":{"rendered":"<p><span style=\"color: #000000;\">Adresse mail : contact@academiebach.com <\/span><\/p>\n<p><span style=\"color: #000000;\">T\u00e9l\u00e9phone : 06 19 64 67 38<\/span><\/p>\n<p><span style=\"color: #000000;\">Si\u00e8ge de l&rsquo;association L&rsquo;Acad\u00e9mie Jean-S\u00e9bastien Bach :<br \/>\n<\/span><span style=\"color: #000000;\">25 rue Castillon &#8211; 33110 Le Bouscat<br \/>\n<\/span><\/p>\n","protected":false},"excerpt":{"rendered":"<p>Adresse mail : contact@academiebach.com T\u00e9l\u00e9phone : 06 19 64 67 38 Si\u00e8ge de l&rsquo;association L&rsquo;Acad\u00e9mie Jean-S\u00e9bastien Bach : 25 rue Castillon &#8211; 33110 Le Bouscat<\/p>\n","protected":false},"author":1,"featured_media":0,"parent":0,"menu_order":0,"comment_status":"closed","ping_status":"closed","template":"","meta":[],"_links":{"self":[{"href":"https:\/\/www.academiebach.com\/index.php\/wp-json\/wp\/v2\/pages\/26"}],"collection":[{"href":"https:\/\/www.academiebach.com\/index.php\/wp-json\/wp\/v2\/pages"}],"about":[{"href":"https:\/\/www.academiebach.com\/index.php\/wp-json\/wp\/v2\/types\/page"}],"author":[{"embeddable":true,"href":"https:\/\/www.academiebach.com\/index.php\/wp-json\/wp\/v2\/users\/1"}],"replies":[{"embeddable":true,"href":"https:\/\/www.academiebach.com\/index.php\/wp-json\/wp\/v2\/comments?post=26"}],"version-history":[{"count":14,"href":"https:\/\/www.academiebach.com\/index.php\/wp-json\/wp\/v2\/pages\/26\/revisions"}],"predecessor-version":[{"id":658,"href":"https:\/\/www.academiebach.com\/index.php\/wp-json\/wp\/v2\/pages\/26\/revisions\/658"}],"wp:attachment":[{"href":"https:\/\/www.academiebach.com\/index.php\/wp-json\/wp\/v2\/media?parent=26"}],"curies":[{"name":"wp","href":"https:\/\/api.w.org\/{rel}","templated":true}]}}