{"id":557,"date":"2024-06-12T14:46:39","date_gmt":"2024-06-12T13:46:39","guid":{"rendered":"https:\/\/www.academiebach.com\/?page_id=557"},"modified":"2025-03-11T23:50:50","modified_gmt":"2025-03-11T22:50:50","slug":"mardi-8-octobre-2024","status":"publish","type":"page","link":"https:\/\/www.academiebach.com\/index.php\/mardi-8-octobre-2024\/","title":{"rendered":"Mardi 8 octobre 2024"},"content":{"rendered":"\n<p class=\"has-large-font-size\">Duo Nitescence &#8211; <em>Songs of Hope<\/em><\/p>\n\n\n\n<p>Marie-Laure Garnier, soprano &amp; C\u00e9lia Onato Bensaid, piano<\/p>\n\n\n\n<p>A 20h30 \u00e0 l&rsquo;Ermitage Compostelle, Le Bouscat <\/p>\n\n\n\n<figure class=\"wp-block-image size-full\"><img decoding=\"async\" loading=\"lazy\" width=\"2560\" height=\"1707\" src=\"https:\/\/www.academiebach.com\/wp-content\/uploads\/2024\/06\/Duo-Nitescence-scaled.jpg\" alt=\"\" class=\"wp-image-564\" srcset=\"https:\/\/www.academiebach.com\/wp-content\/uploads\/2024\/06\/Duo-Nitescence-scaled.jpg 2560w, https:\/\/www.academiebach.com\/wp-content\/uploads\/2024\/06\/Duo-Nitescence-300x200.jpg 300w, https:\/\/www.academiebach.com\/wp-content\/uploads\/2024\/06\/Duo-Nitescence-1024x683.jpg 1024w, https:\/\/www.academiebach.com\/wp-content\/uploads\/2024\/06\/Duo-Nitescence-768x512.jpg 768w, https:\/\/www.academiebach.com\/wp-content\/uploads\/2024\/06\/Duo-Nitescence-1536x1024.jpg 1536w, https:\/\/www.academiebach.com\/wp-content\/uploads\/2024\/06\/Duo-Nitescence-2048x1365.jpg 2048w, https:\/\/www.academiebach.com\/wp-content\/uploads\/2024\/06\/Duo-Nitescence-620x413.jpg 620w\" sizes=\"(max-width: 2560px) 100vw, 2560px\" \/><figcaption class=\"wp-element-caption\"><br><sub>Cr\u00e9dit photo : Caroline Doutre<\/sub><\/figcaption><\/figure>\n\n\n\n<p><strong>\u00abLe duo de Marie-Laure Garnier et C\u00e9lia Oneto Bensaid est maintenant \u00e0 l\u2019\u0153uvre depuis une dizaine<\/strong> <strong>d\u2019ann\u00e9es : la complicit\u00e9 liant la chanteuse et la pianiste est \u00e9vidente et c\u2019est un vrai plaisir que<\/strong> <strong>d\u2019entendre comment la voix et l\u2019instrument se parlent, se r\u00e9pondent, se relancent l\u2019un l\u2019autre dans<\/strong> <strong>un dialogue plein d\u2019imagination et de po\u00e9sie \u00bb PREMIERE LOGE OPERA<\/strong><\/p>\n\n\n\n<p>Voil\u00e0 plus de dix ann\u00e9es que la soprano Marie-Laure Garnier et la pianiste C\u00e9lia Oneto Bensaid forment un duo bas\u00e9 sur la compl\u00e9mentarit\u00e9 et la synergie. Dipl\u00f4m\u00e9es du CNSM de Paris d\u2019un Master de musique de chambre obtenu mention tr\u00e8s bien \u00e0 l\u2019unanimit\u00e9 avec les f\u00e9licitations du jury en 2015, elles sont \u00e9galement laur\u00e9ates du Festival lyrique d\u2019Aix-en-Provence, de l\u2019Acad\u00e9mie Orsay Royaumont et du Concours Nadia et Lili Boulanger. R\u00e9guli\u00e8rement invit\u00e9es sur les sc\u00e8nes nationales et internationales, on a r\u00e9cemment entendu le duo au Oxfordlieder Festival, \u00e0 La Belle \u00c9poque festival de Londres, au Th\u00e9\u00e2tre de l\u2019Ath\u00e9n\u00e9e, au Festival Nouveaux Horizons, \u00e0 la BNF, \u00e0 la maison de la Radio ou encore \u00e0 la Philharmonie de Paris.<\/p>\n\n\n\n<p>La m\u00e9lodie fran\u00e7aise tient une place de choix dans le r\u00e9pertoire du duo (Faur\u00e9, Sohy, Hahn, Chausson, Duparc, etc), tout comme le vaste r\u00e9pertoire des lieder (Schubert, Brahms, Mahler, etc).<\/p>\n\n\n\n<p>Le duo collabore r\u00e9guli\u00e8rement avec des compositeurs vivants ; elles ont ainsi travaill\u00e9 avec Kaija Saariaho, Fabien Waksman parmi d\u2019autres.<\/p>\n\n\n\n<p>Apr\u00e8s leur premier disque de duo <strong>Songs of Hope<\/strong> paru en mars 2022 chez le label NoMad Music, vivement salu\u00e9 par la critique, Marie-Laure Garnier et C\u00e9lia Oneto Bensaid s\u2019associent au Quatuor Hanson pour un nouveau disque intitul\u00e9 <strong>Chants Nostalgiques<\/strong> qui para\u00eetra en janvier 2023 chez B.Records.<\/p>\n\n\n\n<p>Elles ont \u00e9galement particip\u00e9 au coffret d\u00e9di\u00e9 \u00e0 <strong>Charlotte Sohy<\/strong> avec l\u2019enregistrement du cycle Les Chants de la Lande, paru chez La Bo\u00eete \u00e0 P\u00e9pites et ayant rencontr\u00e9 un succ\u00e8s international (The Guardian, s\u00e9lection de BR Klassik, Diapason d\u00e9couverte etc.).<\/p>\n\n\n\n<p>Elles enregistrent \u00e9galement toujours pour La Bo\u00eete \u00e0 P\u00e9pites, des m\u00e9lodies de <strong>Jeanne Leleu<\/strong> en premi\u00e8re mondiale, dans un enregistrement sorti en 2024.<\/p>\n\n\n\n<p>Plusieurs de leurs concerts ont \u00e9t\u00e9 capt\u00e9s par Arte concerts (Nouveaux Horizons, Festival lyrique d\u2019Aix-en-Provence).<\/p>\n\n\n\n<figure class=\"wp-block-embed is-type-video is-provider-youtube wp-block-embed-youtube wp-embed-aspect-16-9 wp-has-aspect-ratio\"><div class=\"wp-block-embed__wrapper\">\n<iframe loading=\"lazy\" title=\"Marie-Laure Garnier : Wade in the water (Victoires Classique 2021)\" width=\"620\" height=\"349\" src=\"https:\/\/www.youtube.com\/embed\/md_sutQNsSg?feature=oembed\" frameborder=\"0\" allow=\"accelerometer; autoplay; clipboard-write; encrypted-media; gyroscope; picture-in-picture; web-share\" referrerpolicy=\"strict-origin-when-cross-origin\" allowfullscreen><\/iframe>\n<\/div><\/figure>\n\n\n\n<p><\/p>\n\n\n\n<p><strong>Programme :<\/strong> <\/p>\n\n\n\n<p>Henri Duparc &#8211; Francis Poulenc &#8211; Moses Hogan &#8211; Harry Thacker Burleigh &#8211; Hall Johnson <\/p>\n\n\n\n<p><strong>ACHAT DES BILLETS :<\/strong><\/p>\n\n\n\n<p>R\u00e9servation (recommand\u00e9e) : <br>&#8211; via la plateforme HelloAsso : <a href=\"https:\/\/www.helloasso.com\/associations\/association-academie-bach\/evenements\/duo-nitescence-marie-laure-garnier-celia-oneto-bensaid\">Duo Nitescence &#8211; Songs of Hope<\/a><br>&#8211; \u00e0 la Machine \u00e0 Musique&nbsp;: 15 rue du Parlement-Sainte-Catherine, Bordeaux&nbsp;&#8211; 05 56 44 81 53<br>&#8211; sur place le soir du concert (CB accept\u00e9e)<\/p>\n\n\n\n<p><\/p>\n\n\n\n<p><\/p>\n","protected":false},"excerpt":{"rendered":"<p>Duo Nitescence &#8211; Songs of Hope Marie-Laure Garnier, soprano &amp; C\u00e9lia Onato Bensaid, piano A 20h30 \u00e0 l&rsquo;Ermitage Compostelle, Le Bouscat \u00abLe duo de Marie-Laure Garnier et C\u00e9lia Oneto Bensaid est maintenant \u00e0 l\u2019\u0153uvre depuis une dizaine d\u2019ann\u00e9es : la complicit\u00e9 liant la chanteuse et la pianiste est \u00e9vidente et c\u2019est un vrai plaisir que [&hellip;]<\/p>\n","protected":false},"author":1,"featured_media":0,"parent":0,"menu_order":0,"comment_status":"closed","ping_status":"closed","template":"","meta":[],"_links":{"self":[{"href":"https:\/\/www.academiebach.com\/index.php\/wp-json\/wp\/v2\/pages\/557"}],"collection":[{"href":"https:\/\/www.academiebach.com\/index.php\/wp-json\/wp\/v2\/pages"}],"about":[{"href":"https:\/\/www.academiebach.com\/index.php\/wp-json\/wp\/v2\/types\/page"}],"author":[{"embeddable":true,"href":"https:\/\/www.academiebach.com\/index.php\/wp-json\/wp\/v2\/users\/1"}],"replies":[{"embeddable":true,"href":"https:\/\/www.academiebach.com\/index.php\/wp-json\/wp\/v2\/comments?post=557"}],"version-history":[{"count":22,"href":"https:\/\/www.academiebach.com\/index.php\/wp-json\/wp\/v2\/pages\/557\/revisions"}],"predecessor-version":[{"id":768,"href":"https:\/\/www.academiebach.com\/index.php\/wp-json\/wp\/v2\/pages\/557\/revisions\/768"}],"wp:attachment":[{"href":"https:\/\/www.academiebach.com\/index.php\/wp-json\/wp\/v2\/media?parent=557"}],"curies":[{"name":"wp","href":"https:\/\/api.w.org\/{rel}","templated":true}]}}