{"id":561,"date":"2024-06-12T14:46:56","date_gmt":"2024-06-12T13:46:56","guid":{"rendered":"https:\/\/www.academiebach.com\/?page_id=561"},"modified":"2025-03-11T23:51:49","modified_gmt":"2025-03-11T22:51:49","slug":"vendredi-14-fevrier-2025","status":"publish","type":"page","link":"https:\/\/www.academiebach.com\/index.php\/vendredi-14-fevrier-2025\/","title":{"rendered":"Vendredi 14 f\u00e9vrier 2025"},"content":{"rendered":"\n<p class=\"has-large-font-size\">Ensemble Ata\u00efr &#8211; <em>Inopinatum<\/em><\/p>\n\n\n\n<p>A 20h30 \u00e0 l&rsquo;Ermitage Compostelle, Le Bouscat <\/p>\n\n\n<div class=\"wp-block-image\">\n<figure class=\"aligncenter size-full\"><img decoding=\"async\" loading=\"lazy\" width=\"2560\" height=\"1707\" src=\"https:\/\/www.academiebach.com\/wp-content\/uploads\/2024\/06\/Duo-Atair-scaled.jpg\" alt=\"\" class=\"wp-image-566\" srcset=\"https:\/\/www.academiebach.com\/wp-content\/uploads\/2024\/06\/Duo-Atair-scaled.jpg 2560w, https:\/\/www.academiebach.com\/wp-content\/uploads\/2024\/06\/Duo-Atair-300x200.jpg 300w, https:\/\/www.academiebach.com\/wp-content\/uploads\/2024\/06\/Duo-Atair-1024x683.jpg 1024w, https:\/\/www.academiebach.com\/wp-content\/uploads\/2024\/06\/Duo-Atair-768x512.jpg 768w, https:\/\/www.academiebach.com\/wp-content\/uploads\/2024\/06\/Duo-Atair-1536x1024.jpg 1536w, https:\/\/www.academiebach.com\/wp-content\/uploads\/2024\/06\/Duo-Atair-2048x1365.jpg 2048w, https:\/\/www.academiebach.com\/wp-content\/uploads\/2024\/06\/Duo-Atair-620x413.jpg 620w\" sizes=\"(max-width: 2560px) 100vw, 2560px\" \/><\/figure><\/div>\n\n\n<p><sub>Cr\u00e9dit photo : Jorge Arce<\/sub><\/p>\n\n\n\n<p>Un violon et un basson, c&rsquo;est <em>Inopinatum<\/em>, \u00e0 savoir inattendu.<br>Pourtant, la sonorit\u00e9 vibrante de l&rsquo;un et la rondeur de l&rsquo;autre fonctionnent \u00e0 merveille et c&rsquo;est \u00e0 ce mariage heureux que nous invitent les musiciens de l&rsquo;Ensemble Ata\u00efr.&nbsp;Aude Marchand et Thomas Quinquenel ont \u00e0 c\u0153ur de d\u00e9velopper et de valoriser le r\u00e9pertoire de musique de chambre pour cordes et vents. C&rsquo;est avec le duo, forme \u00e9tant l\u2019une des plus intimes qu\u2019offre leur r\u00e9pertoire, qu\u2019ils pr\u00e9sentent un programme empli d\u2019audace, allant de transcriptions inhabituelles \u00e0 des \u0153uvres originales \u00e9crites sp\u00e9cialement pour leur formation comme le duo de Paganini, ainsi que l\u2019\u0153uvre <em>Duel <\/em>de Fabien Touchard.<\/p>\n\n\n\n<figure class=\"wp-block-embed is-type-video is-provider-youtube wp-block-embed-youtube wp-embed-aspect-16-9 wp-has-aspect-ratio\"><div class=\"wp-block-embed__wrapper\">\n<iframe loading=\"lazy\" title=\"Ensemble Ata\u00efr \/ Ludwig van Beethoven: Duo en Sib Majeur, WoO 27, 1er mouvement (violon \/ basson)\" width=\"620\" height=\"349\" src=\"https:\/\/www.youtube.com\/embed\/tTRLwp32b1w?feature=oembed\" frameborder=\"0\" allow=\"accelerometer; autoplay; clipboard-write; encrypted-media; gyroscope; picture-in-picture; web-share\" referrerpolicy=\"strict-origin-when-cross-origin\" allowfullscreen><\/iframe>\n<\/div><\/figure>\n\n\n\n<p><\/p>\n\n\n\n<p><strong>Programme : <\/strong><\/p>\n\n\n\n<p>Ludwig van Beethoven &#8211; Reinhold Gli\u00e8re &#8211; B\u00e9la Bart\u00f3k &#8211; Niccol\u00f3 Paganini &#8211; Ignaz Pleyel &#8211; Jean-S\u00e9bastien Bach &#8211; Fabien Touchard<\/p>\n\n\n\n<p><strong>ACHAT DES BILLETS :<\/strong><\/p>\n\n\n\n<p>R\u00e9servation (recommand\u00e9e) : <br>&#8211; via la plateforme HelloAsso : <a href=\"https:\/\/www.helloasso.com\/associations\/association-academie-bach\/evenements\/ensemble-atair\">Ensemble Ata\u00efr &#8211; Inopinatum<\/a><br>&#8211; \u00e0 la Machine \u00e0 Musique&nbsp;: 15 rue du Parlement-Sainte-Catherine, Bordeaux&nbsp;&#8211; 05 56 44 81 53<br>&#8211; sur place le soir du concert (CB accept\u00e9e)<\/p>\n\n\n\n<p><\/p>\n","protected":false},"excerpt":{"rendered":"<p>Ensemble Ata\u00efr &#8211; Inopinatum A 20h30 \u00e0 l&rsquo;Ermitage Compostelle, Le Bouscat Cr\u00e9dit photo : Jorge Arce Un violon et un basson, c&rsquo;est Inopinatum, \u00e0 savoir inattendu.Pourtant, la sonorit\u00e9 vibrante de l&rsquo;un et la rondeur de l&rsquo;autre fonctionnent \u00e0 merveille et c&rsquo;est \u00e0 ce mariage heureux que nous invitent les musiciens de l&rsquo;Ensemble Ata\u00efr.&nbsp;Aude Marchand et [&hellip;]<\/p>\n","protected":false},"author":1,"featured_media":0,"parent":0,"menu_order":0,"comment_status":"closed","ping_status":"closed","template":"","meta":[],"_links":{"self":[{"href":"https:\/\/www.academiebach.com\/index.php\/wp-json\/wp\/v2\/pages\/561"}],"collection":[{"href":"https:\/\/www.academiebach.com\/index.php\/wp-json\/wp\/v2\/pages"}],"about":[{"href":"https:\/\/www.academiebach.com\/index.php\/wp-json\/wp\/v2\/types\/page"}],"author":[{"embeddable":true,"href":"https:\/\/www.academiebach.com\/index.php\/wp-json\/wp\/v2\/users\/1"}],"replies":[{"embeddable":true,"href":"https:\/\/www.academiebach.com\/index.php\/wp-json\/wp\/v2\/comments?post=561"}],"version-history":[{"count":15,"href":"https:\/\/www.academiebach.com\/index.php\/wp-json\/wp\/v2\/pages\/561\/revisions"}],"predecessor-version":[{"id":769,"href":"https:\/\/www.academiebach.com\/index.php\/wp-json\/wp\/v2\/pages\/561\/revisions\/769"}],"wp:attachment":[{"href":"https:\/\/www.academiebach.com\/index.php\/wp-json\/wp\/v2\/media?parent=561"}],"curies":[{"name":"wp","href":"https:\/\/api.w.org\/{rel}","templated":true}]}}