{"id":571,"date":"2024-06-12T14:47:01","date_gmt":"2024-06-12T13:47:01","guid":{"rendered":"https:\/\/www.academiebach.com\/?page_id=571"},"modified":"2025-03-11T23:52:08","modified_gmt":"2025-03-11T22:52:08","slug":"vendredi-23-mai-2025","status":"publish","type":"page","link":"https:\/\/www.academiebach.com\/index.php\/vendredi-23-mai-2025\/","title":{"rendered":"Vendredi 23 mai 2025"},"content":{"rendered":"\n<p class=\"has-large-font-size\">David Saudubray &#8211; R\u00e9cital de piano<\/p>\n\n\n\n<p>A 20h30 \u00e0 la M\u00e9diath\u00e8que du Bouscat \u00ab\u00a0La Source\u00a0\u00bb<\/p>\n\n\n<div class=\"wp-block-image\">\n<figure class=\"aligncenter size-full is-resized\"><img decoding=\"async\" loading=\"lazy\" src=\"http:\/\/www.academiebach.com\/wp-content\/uploads\/2024\/06\/JOELLEDOLLE-david-saudubray-82.jpg\" alt=\"\" class=\"wp-image-562\" width=\"318\" height=\"425\" srcset=\"https:\/\/www.academiebach.com\/wp-content\/uploads\/2024\/06\/JOELLEDOLLE-david-saudubray-82.jpg 480w, https:\/\/www.academiebach.com\/wp-content\/uploads\/2024\/06\/JOELLEDOLLE-david-saudubray-82-225x300.jpg 225w\" sizes=\"(max-width: 318px) 100vw, 318px\" \/><\/figure><\/div>\n\n\n<p><sub>Cr\u00e9dit photo : Jo\u00eblle Dolle<\/sub><\/p>\n\n\n\n<p>Form\u00e9 au CNSMD de Paris dans les classes de Brigitte Engerer et Pierre-Laurent Aimard, David Saudubray a \u00e9t\u00e9 l&rsquo;invit\u00e9 de multiples festivals tels que Les Proms de Londres, La Roque-d&rsquo;Anth\u00e9ron, Auvers-sur-Oise, le Festival Chopin de Nohant, le Festival de Saint-Denis, les Pianofolies au Touquet, Piano en Valois, les Nancyphonies, Les Arcs, Saint-Robert, Entrecasteaux, Musique en R\u00e9&#8230; Ses concerts l\u2019ont notamment men\u00e9 au Wigmore Hall de Londres avec l\u2019altiste Lise Berthaud, en Chine avec le trio <em>Maschere, <\/em>aux \u00c9tats-Unis en quatre mains avec Anne-Lise Gastaldi, en Espagne avec le violoncelliste Gregorio Robino\u2026<\/p>\n\n\n\n<p>David Saudubray est professeur au CRR de Paris et intervenant au CNSM de Paris.<\/p>\n\n\n\n<p><\/p>\n\n\n\n<p><strong>Programme : <\/strong><\/p>\n\n\n\n<p>Clara Schumann &#8211; Robert Schumann &#8211; Johannes Brahms<\/p>\n\n\n\n<p><strong>ACHAT DES BILLETS :<\/strong><\/p>\n\n\n\n<p>R\u00e9servation (recommand\u00e9e) : <br>&#8211; via la plateforme HelloAsso : <a href=\"https:\/\/www.helloasso.com\/associations\/association-academie-bach\/evenements\/david-saudubray-recital-piano\">David Saudubray &#8211; R\u00e9cital de piano<\/a><br>&#8211; \u00e0 la Machine \u00e0 Musique&nbsp;: 15 rue du Parlement-Sainte-Catherine, Bordeaux&nbsp;&#8211; 05 56 44 81 53<br>&#8211; sur place le soir du concert (CB accept\u00e9e)<\/p>\n","protected":false},"excerpt":{"rendered":"<p>David Saudubray &#8211; R\u00e9cital de piano A 20h30 \u00e0 la M\u00e9diath\u00e8que du Bouscat \u00ab\u00a0La Source\u00a0\u00bb Cr\u00e9dit photo : Jo\u00eblle Dolle Form\u00e9 au CNSMD de Paris dans les classes de Brigitte Engerer et Pierre-Laurent Aimard, David Saudubray a \u00e9t\u00e9 l&rsquo;invit\u00e9 de multiples festivals tels que Les Proms de Londres, La Roque-d&rsquo;Anth\u00e9ron, Auvers-sur-Oise, le Festival Chopin de [&hellip;]<\/p>\n","protected":false},"author":1,"featured_media":0,"parent":0,"menu_order":0,"comment_status":"closed","ping_status":"closed","template":"","meta":[],"_links":{"self":[{"href":"https:\/\/www.academiebach.com\/index.php\/wp-json\/wp\/v2\/pages\/571"}],"collection":[{"href":"https:\/\/www.academiebach.com\/index.php\/wp-json\/wp\/v2\/pages"}],"about":[{"href":"https:\/\/www.academiebach.com\/index.php\/wp-json\/wp\/v2\/types\/page"}],"author":[{"embeddable":true,"href":"https:\/\/www.academiebach.com\/index.php\/wp-json\/wp\/v2\/users\/1"}],"replies":[{"embeddable":true,"href":"https:\/\/www.academiebach.com\/index.php\/wp-json\/wp\/v2\/comments?post=571"}],"version-history":[{"count":13,"href":"https:\/\/www.academiebach.com\/index.php\/wp-json\/wp\/v2\/pages\/571\/revisions"}],"predecessor-version":[{"id":771,"href":"https:\/\/www.academiebach.com\/index.php\/wp-json\/wp\/v2\/pages\/571\/revisions\/771"}],"wp:attachment":[{"href":"https:\/\/www.academiebach.com\/index.php\/wp-json\/wp\/v2\/media?parent=571"}],"curies":[{"name":"wp","href":"https:\/\/api.w.org\/{rel}","templated":true}]}}