{"id":593,"date":"2024-06-07T20:45:26","date_gmt":"2024-06-07T19:45:26","guid":{"rendered":"https:\/\/www.academiebach.com\/?page_id=593"},"modified":"2024-09-17T09:19:52","modified_gmt":"2024-09-17T08:19:52","slug":"historique","status":"publish","type":"page","link":"https:\/\/www.academiebach.com\/index.php\/historique\/","title":{"rendered":"Historique"},"content":{"rendered":"\n<p>L\u2019Acad\u00e9mie Jean-S\u00e9bastien BACH a \u00e9t\u00e9 cr\u00e9\u00e9e en 1999 par quelques amateurs de la musique du \u00ab&nbsp;Cantor de Leipzig&nbsp;\u00bb sous l\u2019impulsion de Monsieur Jean VALLEIX (ancien D\u00e9put\u00e9 Maire du Bouscat) et son \u00e9pouse, aid\u00e9s du grand musicologue et \u00e9crivain&nbsp;Gilles CANTAGREL, sp\u00e9cialiste de ce compositeur.<\/p>\n\n\n\n<p>Sa vocation originelle, comme le pr\u00e9cisent ses statuts, \u00e9tait de&nbsp;: \u00ab&nbsp;\u2026favoriser aupr\u00e8s d\u2019un large public la connaissance et la promotion de l\u2019\u0153uvre, de la vie de Jean-S\u00e9bastien BACH et des musiciens de son temps\u2026&nbsp;\u00bb.<\/p>\n\n\n\n<p>Ses statuts pr\u00e9cisent aussi que&nbsp;: \u00ab&nbsp;l\u2019association a une mission p\u00e9dagogique aupr\u00e8s des \u00e9tablissements scolaires, des \u00e9coles de musique et de toute structure li\u00e9e \u00e0 la jeunesse&nbsp;\u00bb.<\/p>\n\n\n\n<p>En 25 ans d\u2019existence, l\u2019Acad\u00e9mie a su \u00e9voluer pour s\u2019inscrire aujourd\u2019hui dans une d\u00e9marche encore plus ouverte en organisant&nbsp;des concerts de musique recouvrant des \u0153uvres de&nbsp;tous les compositeurs classiques, contemporains ou non de Jean-S\u00e9bastien BACH.<\/p>\n\n\n\n<p>Aujourd\u2019hui totalement int\u00e9gr\u00e9e \u00e0 la saison culturelle de la mairie du Bouscat par sa d\u00e9marche \u00ab&nbsp;LES MUSICALES DU BOUSCAT&nbsp;\u00bb, l\u2019Acad\u00e9mie poursuit sa vocation en organisant chaque ann\u00e9e entre 4 et 6 concerts classiques faisant appel \u00e0 des artistes confirm\u00e9s ou de jeunes talents qu\u2019elle aime vous faire d\u00e9couvrir, et avec qui vous pourrez \u00e9changer \u00e0 l\u2019issue de chaque soir\u00e9e&nbsp;au cours de notre traditionnel&nbsp; \u00ab&nbsp;verre de l\u2019amiti\u00e9&nbsp;\u00bb en leur pr\u00e9sence.<\/p>\n\n\n\n<p>Nous vous attendons nombreux pour notre nouvelle saison et\u2026 si vous avez envie de nous aider, faites-le-nous savoir\u00a0!<\/p>\n","protected":false},"excerpt":{"rendered":"<p>L\u2019Acad\u00e9mie Jean-S\u00e9bastien BACH a \u00e9t\u00e9 cr\u00e9\u00e9e en 1999 par quelques amateurs de la musique du \u00ab&nbsp;Cantor de Leipzig&nbsp;\u00bb sous l\u2019impulsion de Monsieur Jean VALLEIX (ancien D\u00e9put\u00e9 Maire du Bouscat) et son \u00e9pouse, aid\u00e9s du grand musicologue et \u00e9crivain&nbsp;Gilles CANTAGREL, sp\u00e9cialiste de ce compositeur. Sa vocation originelle, comme le pr\u00e9cisent ses statuts, \u00e9tait de&nbsp;: \u00ab&nbsp;\u2026favoriser aupr\u00e8s [&hellip;]<\/p>\n","protected":false},"author":1,"featured_media":0,"parent":0,"menu_order":0,"comment_status":"closed","ping_status":"closed","template":"","meta":[],"_links":{"self":[{"href":"https:\/\/www.academiebach.com\/index.php\/wp-json\/wp\/v2\/pages\/593"}],"collection":[{"href":"https:\/\/www.academiebach.com\/index.php\/wp-json\/wp\/v2\/pages"}],"about":[{"href":"https:\/\/www.academiebach.com\/index.php\/wp-json\/wp\/v2\/types\/page"}],"author":[{"embeddable":true,"href":"https:\/\/www.academiebach.com\/index.php\/wp-json\/wp\/v2\/users\/1"}],"replies":[{"embeddable":true,"href":"https:\/\/www.academiebach.com\/index.php\/wp-json\/wp\/v2\/comments?post=593"}],"version-history":[{"count":5,"href":"https:\/\/www.academiebach.com\/index.php\/wp-json\/wp\/v2\/pages\/593\/revisions"}],"predecessor-version":[{"id":713,"href":"https:\/\/www.academiebach.com\/index.php\/wp-json\/wp\/v2\/pages\/593\/revisions\/713"}],"wp:attachment":[{"href":"https:\/\/www.academiebach.com\/index.php\/wp-json\/wp\/v2\/media?parent=593"}],"curies":[{"name":"wp","href":"https:\/\/api.w.org\/{rel}","templated":true}]}}