{"id":601,"date":"2024-06-07T20:49:27","date_gmt":"2024-06-07T19:49:27","guid":{"rendered":"https:\/\/www.academiebach.com\/?page_id=601"},"modified":"2025-10-19T09:46:23","modified_gmt":"2025-10-19T08:46:23","slug":"billetterie","status":"publish","type":"page","link":"https:\/\/www.academiebach.com\/index.php\/billetterie\/","title":{"rendered":"Billetterie"},"content":{"rendered":"\n<p><strong>Tarifs <\/strong>:&nbsp;<\/p>\n\n\n\n<p>Plein tarif : 24\u20ac<\/p>\n\n\n\n<p>Tarif Adh\u00e9rent : 15\u20ac (adh\u00e9sion : 25\u20ac via la plateforme HelloAsso : <a href=\"https:\/\/www.helloasso.com\/associations\/academie-jean-sebastien-bach\/adhesions\/adhesion-academie-j-s-bach-2025-2026\" data-type=\"URL\">Adh\u00e9sion 2025-2026<\/a> )<\/p>\n\n\n\n<p>Tarif r\u00e9duit sur justificatif (\u00e9tudiants, demandeurs d\u2019emploi, &#8211; 18 ans) : 10\u20ac&nbsp;<\/p>\n\n\n\n<p>\u00c9l\u00e8ves de l\u2019\u00c9cole de Musique du Bouscat et \u2013 12 ans : gratuit (<a href=\"https:\/\/www.academiebach.com\/index.php\/contacts\/\" data-type=\"URL\" data-id=\"https:\/\/www.academiebach.com\/index.php\/contacts\/\">contacter directement l&rsquo;Association<\/a>)<\/p>\n\n\n\n<p><strong>Achat des billets<\/strong> :<\/p>\n\n\n\n<ul>\n<li>Via la plateforme HelloAsso : <a href=\"https:\/\/www.helloasso.com\/associations\/academie-jean-sebastien-bach\">Association Acad\u00e9mie Bach<\/a><\/li>\n<\/ul>\n\n\n\n<ul>\n<li>A la Machine \u00e0 Musique (15 rue du Parlement-Sainte-Catherine, Bordeaux &#8211; 05 56 44 81 53)<\/li>\n<\/ul>\n\n\n\n<ul>\n<li>Ou sur place le soir du concert (possibilit\u00e9 par carte bancaire)<\/li>\n<\/ul>\n\n\n\n<figure class=\"wp-block-image size-large is-resized\"><img decoding=\"async\" loading=\"lazy\" src=\"http:\/\/www.academiebach.com\/wp-content\/uploads\/2024\/06\/Ermitage-Compostelle-1024x768.jpg\" alt=\"\" class=\"wp-image-602\" width=\"495\" height=\"371\" srcset=\"https:\/\/www.academiebach.com\/wp-content\/uploads\/2024\/06\/Ermitage-Compostelle-1024x768.jpg 1024w, https:\/\/www.academiebach.com\/wp-content\/uploads\/2024\/06\/Ermitage-Compostelle-300x225.jpg 300w, https:\/\/www.academiebach.com\/wp-content\/uploads\/2024\/06\/Ermitage-Compostelle-768x576.jpg 768w, https:\/\/www.academiebach.com\/wp-content\/uploads\/2024\/06\/Ermitage-Compostelle-620x465.jpg 620w, https:\/\/www.academiebach.com\/wp-content\/uploads\/2024\/06\/Ermitage-Compostelle.jpg 1200w\" sizes=\"(max-width: 495px) 100vw, 495px\" \/><\/figure>\n","protected":false},"excerpt":{"rendered":"<p>Tarifs :&nbsp; Plein tarif : 24\u20ac Tarif Adh\u00e9rent : 15\u20ac (adh\u00e9sion : 25\u20ac via la plateforme HelloAsso : Adh\u00e9sion 2025-2026 ) Tarif r\u00e9duit sur justificatif (\u00e9tudiants, demandeurs d\u2019emploi, &#8211; 18 ans) : 10\u20ac&nbsp; \u00c9l\u00e8ves de l\u2019\u00c9cole de Musique du Bouscat et \u2013 12 ans : gratuit (contacter directement l&rsquo;Association) Achat des billets :<\/p>\n","protected":false},"author":1,"featured_media":0,"parent":0,"menu_order":0,"comment_status":"closed","ping_status":"closed","template":"","meta":[],"_links":{"self":[{"href":"https:\/\/www.academiebach.com\/index.php\/wp-json\/wp\/v2\/pages\/601"}],"collection":[{"href":"https:\/\/www.academiebach.com\/index.php\/wp-json\/wp\/v2\/pages"}],"about":[{"href":"https:\/\/www.academiebach.com\/index.php\/wp-json\/wp\/v2\/types\/page"}],"author":[{"embeddable":true,"href":"https:\/\/www.academiebach.com\/index.php\/wp-json\/wp\/v2\/users\/1"}],"replies":[{"embeddable":true,"href":"https:\/\/www.academiebach.com\/index.php\/wp-json\/wp\/v2\/comments?post=601"}],"version-history":[{"count":13,"href":"https:\/\/www.academiebach.com\/index.php\/wp-json\/wp\/v2\/pages\/601\/revisions"}],"predecessor-version":[{"id":868,"href":"https:\/\/www.academiebach.com\/index.php\/wp-json\/wp\/v2\/pages\/601\/revisions\/868"}],"wp:attachment":[{"href":"https:\/\/www.academiebach.com\/index.php\/wp-json\/wp\/v2\/media?parent=601"}],"curies":[{"name":"wp","href":"https:\/\/api.w.org\/{rel}","templated":true}]}}