{"id":604,"date":"2024-06-07T20:50:08","date_gmt":"2024-06-07T19:50:08","guid":{"rendered":"https:\/\/www.academiebach.com\/?page_id=604"},"modified":"2025-06-04T10:45:31","modified_gmt":"2025-06-04T09:45:31","slug":"nos-partenaires","status":"publish","type":"page","link":"https:\/\/www.academiebach.com\/index.php\/nos-partenaires\/","title":{"rendered":"Nos partenaires"},"content":{"rendered":"\n<p>Un grand merci \u00e0 nos partenaires dont le soutien nous permet de vous proposer chaque ann\u00e9e une programmation de qualit\u00e9, attractive et originale !<\/p>\n\n\n\n<p>Si un partenariat avec les Musicales du Bouscat vous int\u00e9resse, contactez-nous ! (adresse mail : <a href=\"mailto:contact@academiebach.com\">contact@academiebach.com<\/a>)<\/p>\n\n\n\n<div class=\"wp-block-group is-content-justification-center is-nowrap is-layout-flex wp-container-1\">\n<figure class=\"wp-block-image size-large is-resized\"><a href=\"https:\/\/www.bouscat.fr\/\"><img decoding=\"async\" loading=\"lazy\" src=\"https:\/\/www.academiebach.com\/wp-content\/uploads\/2025\/03\/Le-Bouscat-918x1024.png\" alt=\"\" class=\"wp-image-761\" width=\"119\" height=\"133\" srcset=\"https:\/\/www.academiebach.com\/wp-content\/uploads\/2025\/03\/Le-Bouscat-918x1024.png 918w, https:\/\/www.academiebach.com\/wp-content\/uploads\/2025\/03\/Le-Bouscat-269x300.png 269w, https:\/\/www.academiebach.com\/wp-content\/uploads\/2025\/03\/Le-Bouscat-768x857.png 768w, https:\/\/www.academiebach.com\/wp-content\/uploads\/2025\/03\/Le-Bouscat-1377x1536.png 1377w, https:\/\/www.academiebach.com\/wp-content\/uploads\/2025\/03\/Le-Bouscat-1836x2048.png 1836w, https:\/\/www.academiebach.com\/wp-content\/uploads\/2025\/03\/Le-Bouscat-620x692.png 620w\" sizes=\"(max-width: 119px) 100vw, 119px\" \/><\/a><\/figure>\n\n\n\n<figure class=\"wp-block-image size-full is-resized\"><a href=\"https:\/\/www.gironde.fr\/\"><img decoding=\"async\" loading=\"lazy\" src=\"https:\/\/www.academiebach.com\/wp-content\/uploads\/2025\/03\/Gironde_33_logo_2013.webp\" alt=\"\" class=\"wp-image-754\" width=\"306\" height=\"108\"\/><\/a><\/figure>\n\n\n\n<figure class=\"wp-block-image size-medium\"><a href=\"https:\/\/www.caisse-epargne.fr\/aquitaine-poitou-charentes\/\"><img decoding=\"async\" loading=\"lazy\" width=\"300\" height=\"73\" src=\"https:\/\/www.academiebach.com\/wp-content\/uploads\/2025\/03\/ce-logo-aquitaine-poitou-charentes-2-300x73.png\" alt=\"\" class=\"wp-image-751\" srcset=\"https:\/\/www.academiebach.com\/wp-content\/uploads\/2025\/03\/ce-logo-aquitaine-poitou-charentes-2-300x73.png 300w, https:\/\/www.academiebach.com\/wp-content\/uploads\/2025\/03\/ce-logo-aquitaine-poitou-charentes-2-1024x248.png 1024w, https:\/\/www.academiebach.com\/wp-content\/uploads\/2025\/03\/ce-logo-aquitaine-poitou-charentes-2-768x186.png 768w, https:\/\/www.academiebach.com\/wp-content\/uploads\/2025\/03\/ce-logo-aquitaine-poitou-charentes-2-1536x372.png 1536w, https:\/\/www.academiebach.com\/wp-content\/uploads\/2025\/03\/ce-logo-aquitaine-poitou-charentes-2-620x150.png 620w, https:\/\/www.academiebach.com\/wp-content\/uploads\/2025\/03\/ce-logo-aquitaine-poitou-charentes-2.png 1852w\" sizes=\"(max-width: 300px) 100vw, 300px\" \/><\/a><\/figure>\n<\/div>\n\n\n\n<div class=\"wp-block-group is-content-justification-center is-nowrap is-layout-flex wp-container-3\">\n<div class=\"wp-block-group is-nowrap is-layout-flex wp-container-2\"><\/div>\n<\/div>\n\n\n\n<p><\/p>\n\n\n\n<div class=\"wp-block-group is-content-justification-center is-nowrap is-layout-flex wp-container-5\">\n<div class=\"wp-block-group is-nowrap is-layout-flex wp-container-4\">\n<figure class=\"wp-block-image size-large is-resized\"><a href=\"https:\/\/www.lamachinealire.com\/la-machine-a-musique-lignerolles\/ssh-6441\"><img decoding=\"async\" loading=\"lazy\" src=\"http:\/\/www.academiebach.com\/wp-content\/uploads\/2016\/08\/Logo-Machine-\u00e0-musique-1024x980.png\" alt=\"\" class=\"wp-image-184\" width=\"155\" height=\"147\" srcset=\"https:\/\/www.academiebach.com\/wp-content\/uploads\/2016\/08\/Logo-Machine-\u00e0-musique-1024x980.png 1024w, https:\/\/www.academiebach.com\/wp-content\/uploads\/2016\/08\/Logo-Machine-\u00e0-musique-300x287.png 300w, https:\/\/www.academiebach.com\/wp-content\/uploads\/2016\/08\/Logo-Machine-\u00e0-musique-768x735.png 768w, https:\/\/www.academiebach.com\/wp-content\/uploads\/2016\/08\/Logo-Machine-\u00e0-musique-620x593.png 620w\" sizes=\"(max-width: 155px) 100vw, 155px\" \/><\/a><\/figure>\n\n\n\n<figure class=\"wp-block-image size-large is-resized\"><a href=\"https:\/\/blanchardmusique.com\/\"><img decoding=\"async\" loading=\"lazy\" src=\"http:\/\/www.academiebach.com\/wp-content\/uploads\/2016\/08\/Logo-complet-1pianos-blanchard-1024x309.png\" alt=\"\" class=\"wp-image-98\" width=\"365\" height=\"110\" srcset=\"https:\/\/www.academiebach.com\/wp-content\/uploads\/2016\/08\/Logo-complet-1pianos-blanchard-1024x309.png 1024w, https:\/\/www.academiebach.com\/wp-content\/uploads\/2016\/08\/Logo-complet-1pianos-blanchard-300x91.png 300w, https:\/\/www.academiebach.com\/wp-content\/uploads\/2016\/08\/Logo-complet-1pianos-blanchard-768x232.png 768w, https:\/\/www.academiebach.com\/wp-content\/uploads\/2016\/08\/Logo-complet-1pianos-blanchard-620x187.png 620w\" sizes=\"(max-width: 365px) 100vw, 365px\" \/><\/a><\/figure>\n<\/div>\n\n\n\n<figure class=\"wp-block-image size-large is-resized\"><a href=\"https:\/\/atelier-avel.fr\/\"><img decoding=\"async\" loading=\"lazy\" src=\"https:\/\/www.academiebach.com\/wp-content\/uploads\/2025\/06\/Atelier-Avel-1-1024x658.png\" alt=\"\" class=\"wp-image-780\" width=\"240\" height=\"155\" srcset=\"https:\/\/www.academiebach.com\/wp-content\/uploads\/2025\/06\/Atelier-Avel-1-1024x658.png 1024w, https:\/\/www.academiebach.com\/wp-content\/uploads\/2025\/06\/Atelier-Avel-1-300x193.png 300w, https:\/\/www.academiebach.com\/wp-content\/uploads\/2025\/06\/Atelier-Avel-1-768x494.png 768w, https:\/\/www.academiebach.com\/wp-content\/uploads\/2025\/06\/Atelier-Avel-1-1536x987.png 1536w, https:\/\/www.academiebach.com\/wp-content\/uploads\/2025\/06\/Atelier-Avel-1-2048x1317.png 2048w, https:\/\/www.academiebach.com\/wp-content\/uploads\/2025\/06\/Atelier-Avel-1-620x399.png 620w\" sizes=\"(max-width: 240px) 100vw, 240px\" \/><\/a><\/figure>\n<\/div>\n","protected":false},"excerpt":{"rendered":"<p>Un grand merci \u00e0 nos partenaires dont le soutien nous permet de vous proposer chaque ann\u00e9e une programmation de qualit\u00e9, attractive et originale ! Si un partenariat avec les Musicales du Bouscat vous int\u00e9resse, contactez-nous ! (adresse mail : contact@academiebach.com)<\/p>\n","protected":false},"author":1,"featured_media":0,"parent":0,"menu_order":0,"comment_status":"closed","ping_status":"closed","template":"","meta":[],"_links":{"self":[{"href":"https:\/\/www.academiebach.com\/index.php\/wp-json\/wp\/v2\/pages\/604"}],"collection":[{"href":"https:\/\/www.academiebach.com\/index.php\/wp-json\/wp\/v2\/pages"}],"about":[{"href":"https:\/\/www.academiebach.com\/index.php\/wp-json\/wp\/v2\/types\/page"}],"author":[{"embeddable":true,"href":"https:\/\/www.academiebach.com\/index.php\/wp-json\/wp\/v2\/users\/1"}],"replies":[{"embeddable":true,"href":"https:\/\/www.academiebach.com\/index.php\/wp-json\/wp\/v2\/comments?post=604"}],"version-history":[{"count":25,"href":"https:\/\/www.academiebach.com\/index.php\/wp-json\/wp\/v2\/pages\/604\/revisions"}],"predecessor-version":[{"id":785,"href":"https:\/\/www.academiebach.com\/index.php\/wp-json\/wp\/v2\/pages\/604\/revisions\/785"}],"wp:attachment":[{"href":"https:\/\/www.academiebach.com\/index.php\/wp-json\/wp\/v2\/media?parent=604"}],"curies":[{"name":"wp","href":"https:\/\/api.w.org\/{rel}","templated":true}]}}