{"id":8,"date":"2016-01-01T20:00:25","date_gmt":"2016-01-01T19:00:25","guid":{"rendered":"http:\/\/www.academiebach.com\/?page_id=8"},"modified":"2023-06-08T08:54:34","modified_gmt":"2023-06-08T07:54:34","slug":"10-octobre-2023","status":"publish","type":"page","link":"https:\/\/www.academiebach.com\/index.php\/10-octobre-2023\/","title":{"rendered":"Mardi 10 octobre 2023 \u00e0 20h30"},"content":{"rendered":"<p><span style=\"color: #000000;\"><strong>R\u00e9cital de piano<img decoding=\"async\" loading=\"lazy\" class=\"wp-image-534  alignright\" src=\"http:\/\/www.academiebach.com\/wp-content\/uploads\/2023\/06\/JB09403\u220fJean-Baptiste-Millot-scaled.jpg\" alt=\"\" width=\"564\" height=\"375\" srcset=\"https:\/\/www.academiebach.com\/wp-content\/uploads\/2023\/06\/JB09403\u220fJean-Baptiste-Millot-scaled.jpg 2560w, https:\/\/www.academiebach.com\/wp-content\/uploads\/2023\/06\/JB09403\u220fJean-Baptiste-Millot-300x200.jpg 300w, https:\/\/www.academiebach.com\/wp-content\/uploads\/2023\/06\/JB09403\u220fJean-Baptiste-Millot-1024x681.jpg 1024w, https:\/\/www.academiebach.com\/wp-content\/uploads\/2023\/06\/JB09403\u220fJean-Baptiste-Millot-768x511.jpg 768w, https:\/\/www.academiebach.com\/wp-content\/uploads\/2023\/06\/JB09403\u220fJean-Baptiste-Millot-1536x1022.jpg 1536w, https:\/\/www.academiebach.com\/wp-content\/uploads\/2023\/06\/JB09403\u220fJean-Baptiste-Millot-2048x1363.jpg 2048w, https:\/\/www.academiebach.com\/wp-content\/uploads\/2023\/06\/JB09403\u220fJean-Baptiste-Millot-620x413.jpg 620w\" sizes=\"(max-width: 564px) 100vw, 564px\" \/><\/strong><\/span><\/p>\n<p><span style=\"color: #000000;\"><strong>Jean-Philippe COLLARD<\/strong><\/span><\/p>\n<p><span style=\"color: #000000;\">salle de l&rsquo;Ermitage-Compostelle, Le Bouscat<\/span><\/p>\n<p><span style=\"color: #000000;\">Il interpr\u00e9tera des \u0153uvres de Faur\u00e9, Chopin, Scriabine<\/span><\/p>\n<p>Site officiel de Jean-Philippe COLLARD <a href=\"http:\/\/www.jeanphilippecollard.com\/\" target=\"_blank\" rel=\"noopener\">ici<\/a><\/p>\n<p><strong>ACHAT DES BILLETS :<\/strong><br \/>\n<span style=\"color: #000000;\"><a class=\"weezevent-widget-integration\" title=\"Logiciel billetterie en ligne\" href=\"https:\/\/www.helloasso.com\/associations\/association-academie-bach\/evenements\/recital-de-piano-jean-philippe-collard\" target=\"_blank\" rel=\"noopener\" data-src=\"https:\/\/www.weezevent.com\/widget_multi.php?312015.5.1.bo\" data-width=\"100%\" data-height=\"100%\" data-id=\"multi\" data-resize=\"1\" data-npb=\"0\" data-width_auto=\"1\">Billetterie HelloAsso<\/a><\/span><\/p>\n<p><span style=\"color: #000000;\">R\u00e9servation recommand\u00e9e : <a href=\"https:\/\/www.helloasso.com\/associations\/association-academie-bach\/evenements\/recital-de-piano-jean-philippe-collard\" target=\"_blank\" rel=\"noopener\">sur internet<\/a> &#8211; contact@academiebach.com &#8211; 06 19 64 67 38<\/span><\/p>\n<p>Machine \u00e0 Musique\u00a0: 15 rue du Plmnt Ste-Catherine, Bordeaux\u00a0: 05 56 44 81 53<br \/>\n<span style=\"color: #000000;\">Sur place le soir du concert<\/span><\/p>\n<p><iframe loading=\"lazy\" title=\"Jean-Philippe Collard \/ Gabriel FAUR\u00c9 - Barcarolle No. 4 in A-flat Major, op. 44\" width=\"620\" height=\"349\" src=\"https:\/\/www.youtube.com\/embed\/e1nMYu1fOL0?feature=oembed\" frameborder=\"0\" allow=\"accelerometer; autoplay; clipboard-write; encrypted-media; gyroscope; picture-in-picture; web-share\" referrerpolicy=\"strict-origin-when-cross-origin\" allowfullscreen><\/iframe><\/p>\n<h3><\/h3>\n","protected":false},"excerpt":{"rendered":"<p>R\u00e9cital de piano Jean-Philippe COLLARD salle de l&rsquo;Ermitage-Compostelle, Le Bouscat Il interpr\u00e9tera des \u0153uvres de Faur\u00e9, Chopin, Scriabine Site officiel de Jean-Philippe COLLARD ici ACHAT DES BILLETS : Billetterie HelloAsso R\u00e9servation recommand\u00e9e : sur internet &#8211; contact@academiebach.com &#8211; 06 19 64 67 38 Machine \u00e0 Musique\u00a0: 15 rue du Plmnt Ste-Catherine, Bordeaux\u00a0: 05 56 44 [&hellip;]<\/p>\n","protected":false},"author":1,"featured_media":0,"parent":0,"menu_order":1,"comment_status":"closed","ping_status":"closed","template":"","meta":[],"_links":{"self":[{"href":"https:\/\/www.academiebach.com\/index.php\/wp-json\/wp\/v2\/pages\/8"}],"collection":[{"href":"https:\/\/www.academiebach.com\/index.php\/wp-json\/wp\/v2\/pages"}],"about":[{"href":"https:\/\/www.academiebach.com\/index.php\/wp-json\/wp\/v2\/types\/page"}],"author":[{"embeddable":true,"href":"https:\/\/www.academiebach.com\/index.php\/wp-json\/wp\/v2\/users\/1"}],"replies":[{"embeddable":true,"href":"https:\/\/www.academiebach.com\/index.php\/wp-json\/wp\/v2\/comments?post=8"}],"version-history":[{"count":43,"href":"https:\/\/www.academiebach.com\/index.php\/wp-json\/wp\/v2\/pages\/8\/revisions"}],"predecessor-version":[{"id":576,"href":"https:\/\/www.academiebach.com\/index.php\/wp-json\/wp\/v2\/pages\/8\/revisions\/576"}],"wp:attachment":[{"href":"https:\/\/www.academiebach.com\/index.php\/wp-json\/wp\/v2\/media?parent=8"}],"curies":[{"name":"wp","href":"https:\/\/api.w.org\/{rel}","templated":true}]}}