{"id":801,"date":"2025-06-04T11:38:17","date_gmt":"2025-06-04T10:38:17","guid":{"rendered":"https:\/\/www.academiebach.com\/?page_id=801"},"modified":"2025-11-11T18:19:57","modified_gmt":"2025-11-11T17:19:57","slug":"vendredi-28-novembre-2025","status":"publish","type":"page","link":"https:\/\/www.academiebach.com\/index.php\/vendredi-28-novembre-2025\/","title":{"rendered":"Vendredi 28 novembre 2025"},"content":{"rendered":"\n<p class=\"has-large-font-size\">Jodyline Gallavardin &#8211; Carte Blanche<\/p>\n\n\n\n<p>A 20h30 \u00e0 l&rsquo;Ermitage Compostelle, Le Bouscat<\/p>\n\n\n\n<figure class=\"wp-block-image size-full\"><img decoding=\"async\" loading=\"lazy\" width=\"800\" height=\"450\" src=\"https:\/\/www.academiebach.com\/wp-content\/uploads\/2025\/06\/jodyline-gallavardin-bernard-martinez.jpg\" alt=\"\" class=\"wp-image-824\" srcset=\"https:\/\/www.academiebach.com\/wp-content\/uploads\/2025\/06\/jodyline-gallavardin-bernard-martinez.jpg 800w, https:\/\/www.academiebach.com\/wp-content\/uploads\/2025\/06\/jodyline-gallavardin-bernard-martinez-300x169.jpg 300w, https:\/\/www.academiebach.com\/wp-content\/uploads\/2025\/06\/jodyline-gallavardin-bernard-martinez-768x432.jpg 768w, https:\/\/www.academiebach.com\/wp-content\/uploads\/2025\/06\/jodyline-gallavardin-bernard-martinez-620x349.jpg 620w\" sizes=\"(max-width: 800px) 100vw, 800px\" \/><\/figure>\n\n\n\n<p class=\"has-small-font-size\">Cr\u00e9dit photo : Bernard Martinez<\/p>\n\n\n\n<p><em>\u00ab&nbsp;Le temp\u00e9rament, la pr\u00e9sence sur sc\u00e8ne, les moyens pianistiques, l\u2019intelligence de conception des programmes : Jodyline Gallavardin s\u2019impose d\u2019ores et d\u00e9j\u00e0 comme une musicienne consid\u00e9rable&nbsp;\u00bb<\/em> <br>B. Boissard, Diapason Magazine<\/p>\n\n\n\n<p>Le deuxi\u00e8me album&nbsp;<em>Nuit Blanche<\/em>&nbsp;de Jodyline Gallavardin vient de para\u00eetre et pour c\u00e9l\u00e9brer sa sortie, elle a carte blanche !<\/p>\n\n\n\n<p>Pianiste au jeu infiniment po\u00e9tique, elle re\u00e7oit le <strong>Prix de la R\u00e9v\u00e9lation musicale de l\u2019ann\u00e9e 2023<\/strong>&nbsp;\u00e0 la Philharmonie de Paris lors du 60\u00e8me Palmar\u00e8s du Syndicat de la Critique. Aimant m\u00ealer des \u0153uvres rares avec le grand r\u00e9pertoire, Jodyline est l\u2019invit\u00e9e de nombreux festivals et programmations de renoms tels La Folle Journ\u00e9e de Nantes, le Festival de Radiofrance, l\u2019Esprit du Piano, la Roque d\u2019Anth\u00e9ron \u2026&nbsp;<\/p>\n\n\n\n<p>Pour cette soir\u00e9e, elle explorera en solo les visions nocturnes de Lyapounov et Scriabine. Puis dans un dialogue vibrant avec les cordes, elle prolongera cette atmosph\u00e8re en quatuor avec Dvo\u0159\u00e1k et autres surprises. \u00c0 cette occasion, elle sera accompagn\u00e9e de la violoniste Prisca Carsalade, de l\u2019altiste Cl\u00e9mence Guillot et du violoncelliste Eric Abeijon.<\/p>\n\n\n\n<figure class=\"wp-block-embed is-type-video is-provider-youtube wp-block-embed-youtube wp-embed-aspect-16-9 wp-has-aspect-ratio\"><div class=\"wp-block-embed__wrapper\">\n<iframe loading=\"lazy\" title=\"Mazurkas 1, 2, 3 opus 2 de Scriabin - Jodyline Gallavardin\" width=\"620\" height=\"349\" src=\"https:\/\/www.youtube.com\/embed\/NTb6moQsoMY?feature=oembed\" frameborder=\"0\" allow=\"accelerometer; autoplay; clipboard-write; encrypted-media; gyroscope; picture-in-picture; web-share\" referrerpolicy=\"strict-origin-when-cross-origin\" allowfullscreen><\/iframe>\n<\/div><\/figure>\n\n\n\n<p><strong>Programme : <\/strong><\/p>\n\n\n\n<p>Lyapounov &#8211; Scriabine &#8211; Dvo\u0159\u00e1k &#8211; &#8230;<\/p>\n\n\n\n<p><strong>ACHAT DES BILLETS :<\/strong><\/p>\n\n\n\n<p>R\u00e9servation (recommand\u00e9e) : <br>&#8211; via la plateforme HelloAsso : <a href=\"https:\/\/www.helloasso.com\/associations\/academie-jean-sebastien-bach\/evenements\/carte-blanche-a-jodyline-gallavardin\">Jodyline Gallavardin &#8211; Carte Blanche<\/a><br>&#8211; \u00e0 la Machine \u00e0 Musique&nbsp;: 15 rue du Parlement-Sainte-Catherine, Bordeaux&nbsp;&#8211; 05 56 44 81 53<br>&#8211; sur place le soir du concert (CB accept\u00e9e)<\/p>\n","protected":false},"excerpt":{"rendered":"<p>Jodyline Gallavardin &#8211; Carte Blanche A 20h30 \u00e0 l&rsquo;Ermitage Compostelle, Le Bouscat Cr\u00e9dit photo : Bernard Martinez \u00ab&nbsp;Le temp\u00e9rament, la pr\u00e9sence sur sc\u00e8ne, les moyens pianistiques, l\u2019intelligence de conception des programmes : Jodyline Gallavardin s\u2019impose d\u2019ores et d\u00e9j\u00e0 comme une musicienne consid\u00e9rable&nbsp;\u00bb B. Boissard, Diapason Magazine Le deuxi\u00e8me album&nbsp;Nuit Blanche&nbsp;de Jodyline Gallavardin vient de para\u00eetre [&hellip;]<\/p>\n","protected":false},"author":1,"featured_media":0,"parent":0,"menu_order":0,"comment_status":"closed","ping_status":"closed","template":"","meta":[],"_links":{"self":[{"href":"https:\/\/www.academiebach.com\/index.php\/wp-json\/wp\/v2\/pages\/801"}],"collection":[{"href":"https:\/\/www.academiebach.com\/index.php\/wp-json\/wp\/v2\/pages"}],"about":[{"href":"https:\/\/www.academiebach.com\/index.php\/wp-json\/wp\/v2\/types\/page"}],"author":[{"embeddable":true,"href":"https:\/\/www.academiebach.com\/index.php\/wp-json\/wp\/v2\/users\/1"}],"replies":[{"embeddable":true,"href":"https:\/\/www.academiebach.com\/index.php\/wp-json\/wp\/v2\/comments?post=801"}],"version-history":[{"count":6,"href":"https:\/\/www.academiebach.com\/index.php\/wp-json\/wp\/v2\/pages\/801\/revisions"}],"predecessor-version":[{"id":871,"href":"https:\/\/www.academiebach.com\/index.php\/wp-json\/wp\/v2\/pages\/801\/revisions\/871"}],"wp:attachment":[{"href":"https:\/\/www.academiebach.com\/index.php\/wp-json\/wp\/v2\/media?parent=801"}],"curies":[{"name":"wp","href":"https:\/\/api.w.org\/{rel}","templated":true}]}}