{"id":808,"date":"2025-06-04T12:32:00","date_gmt":"2025-06-04T11:32:00","guid":{"rendered":"https:\/\/www.academiebach.com\/?page_id=808"},"modified":"2025-10-19T09:36:39","modified_gmt":"2025-10-19T08:36:39","slug":"mardi-27-janvier-2026","status":"publish","type":"page","link":"https:\/\/www.academiebach.com\/index.php\/mardi-27-janvier-2026\/","title":{"rendered":"Mardi 27 janvier 2026"},"content":{"rendered":"\n<p class=\"has-large-font-size\">Quatuor Agate<\/p>\n\n\n\n<p>A 20h30 \u00e0 l&rsquo;Ermitage Compostelle, Le Bouscat<\/p>\n\n\n\n<figure class=\"wp-block-image size-large\"><img decoding=\"async\" loading=\"lazy\" width=\"1024\" height=\"768\" src=\"https:\/\/www.academiebach.com\/wp-content\/uploads\/2025\/06\/Quatuor-Agate-11-\u00a9-Kaupo-Kikkas-1024x768.jpeg\" alt=\"\" class=\"wp-image-811\" srcset=\"https:\/\/www.academiebach.com\/wp-content\/uploads\/2025\/06\/Quatuor-Agate-11-\u00a9-Kaupo-Kikkas-1024x768.jpeg 1024w, https:\/\/www.academiebach.com\/wp-content\/uploads\/2025\/06\/Quatuor-Agate-11-\u00a9-Kaupo-Kikkas-300x225.jpeg 300w, https:\/\/www.academiebach.com\/wp-content\/uploads\/2025\/06\/Quatuor-Agate-11-\u00a9-Kaupo-Kikkas-768x576.jpeg 768w, https:\/\/www.academiebach.com\/wp-content\/uploads\/2025\/06\/Quatuor-Agate-11-\u00a9-Kaupo-Kikkas-1536x1152.jpeg 1536w, https:\/\/www.academiebach.com\/wp-content\/uploads\/2025\/06\/Quatuor-Agate-11-\u00a9-Kaupo-Kikkas-2048x1536.jpeg 2048w, https:\/\/www.academiebach.com\/wp-content\/uploads\/2025\/06\/Quatuor-Agate-11-\u00a9-Kaupo-Kikkas-620x465.jpeg 620w\" sizes=\"(max-width: 1024px) 100vw, 1024px\" \/><\/figure>\n\n\n\n<p class=\"has-small-font-size\">Cr\u00e9dit photo : Kaupo Kikkas<\/p>\n\n\n\n<p>Form\u00e9 en 2016, le Quatuor Agate fait aujourd\u2019hui partie des jeunes quatuors fran\u00e7ais incontournables ! Il se distingue depuis plusieurs ann\u00e9es gr\u00e2ce \u00e0 sa passion et ses interpr\u00e9tations engag\u00e9es. Laur\u00e9at de diff\u00e9rents concours et festivals, il a fait ses d\u00e9buts sur les grandes sc\u00e8nes internationales telles le Wigmore Hall de Londres, le Concertgebouw d\u2019Amsterdam, Konzerthaus de Berlin \u2026<\/p>\n\n\n\n<p>Le quatuor collabore r\u00e9guli\u00e8rement avec des musiciens et ensemble de renoms tels Emmanuel Pahud, Enrico Pace, \u00c9ric le Sage, Gabriel le Magadure, Quatuor \u00c9b\u00e8ne, Quatuor Modigliani&#8230;<\/p>\n\n\n\n<figure class=\"wp-block-embed is-type-video is-provider-youtube wp-block-embed-youtube wp-embed-aspect-16-9 wp-has-aspect-ratio\"><div class=\"wp-block-embed__wrapper\">\n<iframe loading=\"lazy\" title=\"BRAHMS: The String Quartets by Quatuor Agate\" width=\"620\" height=\"349\" src=\"https:\/\/www.youtube.com\/embed\/-WPYUWKHmHA?feature=oembed\" frameborder=\"0\" allow=\"accelerometer; autoplay; clipboard-write; encrypted-media; gyroscope; picture-in-picture; web-share\" referrerpolicy=\"strict-origin-when-cross-origin\" allowfullscreen><\/iframe>\n<\/div><\/figure>\n\n\n\n<p><strong>Programme : <\/strong><\/p>\n\n\n\n<p>\u00e0 venir<\/p>\n\n\n\n<p><strong>ACHAT DES BILLETS :<\/strong><\/p>\n\n\n\n<p>R\u00e9servation (recommand\u00e9e) : <br>&#8211; via la plateforme HelloAsso : <a href=\"https:\/\/www.helloasso.com\/associations\/academie-jean-sebastien-bach\/evenements\/quatuor-agate\">Quatuor Agate<\/a><br>&#8211; \u00e0 la Machine \u00e0 Musique\u00a0: 15 rue du Parlement-Sainte-Catherine, Bordeaux\u00a0&#8211; 05 56 44 81 53<br>&#8211; sur place le soir du concert (CB accept\u00e9e)<\/p>\n","protected":false},"excerpt":{"rendered":"<p>Quatuor Agate A 20h30 \u00e0 l&rsquo;Ermitage Compostelle, Le Bouscat Cr\u00e9dit photo : Kaupo Kikkas Form\u00e9 en 2016, le Quatuor Agate fait aujourd\u2019hui partie des jeunes quatuors fran\u00e7ais incontournables ! Il se distingue depuis plusieurs ann\u00e9es gr\u00e2ce \u00e0 sa passion et ses interpr\u00e9tations engag\u00e9es. Laur\u00e9at de diff\u00e9rents concours et festivals, il a fait ses d\u00e9buts sur [&hellip;]<\/p>\n","protected":false},"author":1,"featured_media":0,"parent":0,"menu_order":0,"comment_status":"closed","ping_status":"closed","template":"","meta":[],"_links":{"self":[{"href":"https:\/\/www.academiebach.com\/index.php\/wp-json\/wp\/v2\/pages\/808"}],"collection":[{"href":"https:\/\/www.academiebach.com\/index.php\/wp-json\/wp\/v2\/pages"}],"about":[{"href":"https:\/\/www.academiebach.com\/index.php\/wp-json\/wp\/v2\/types\/page"}],"author":[{"embeddable":true,"href":"https:\/\/www.academiebach.com\/index.php\/wp-json\/wp\/v2\/users\/1"}],"replies":[{"embeddable":true,"href":"https:\/\/www.academiebach.com\/index.php\/wp-json\/wp\/v2\/comments?post=808"}],"version-history":[{"count":2,"href":"https:\/\/www.academiebach.com\/index.php\/wp-json\/wp\/v2\/pages\/808\/revisions"}],"predecessor-version":[{"id":863,"href":"https:\/\/www.academiebach.com\/index.php\/wp-json\/wp\/v2\/pages\/808\/revisions\/863"}],"wp:attachment":[{"href":"https:\/\/www.academiebach.com\/index.php\/wp-json\/wp\/v2\/media?parent=808"}],"curies":[{"name":"wp","href":"https:\/\/api.w.org\/{rel}","templated":true}]}}