{"id":816,"date":"2025-06-04T12:35:09","date_gmt":"2025-06-04T11:35:09","guid":{"rendered":"https:\/\/www.academiebach.com\/?page_id=816"},"modified":"2026-04-11T15:27:04","modified_gmt":"2026-04-11T14:27:04","slug":"mardi-21-avril-2026","status":"publish","type":"page","link":"https:\/\/www.academiebach.com\/index.php\/mardi-21-avril-2026\/","title":{"rendered":"Mardi 21 avril 2026"},"content":{"rendered":"\n<p class=\"has-large-font-size\">Quintette \u00e0 vent<\/p>\n\n\n\n<p>A 20h30 en l&rsquo;\u00c9glise Sainte-Clotilde du Bouscat<\/p>\n\n\n\n<figure class=\"wp-block-image size-large\"><img decoding=\"async\" loading=\"lazy\" width=\"1024\" height=\"683\" src=\"https:\/\/www.academiebach.com\/wp-content\/uploads\/2025\/06\/Photo-Thomas-1024x683.jpg\" alt=\"\" class=\"wp-image-817\" srcset=\"https:\/\/www.academiebach.com\/wp-content\/uploads\/2025\/06\/Photo-Thomas-1024x683.jpg 1024w, https:\/\/www.academiebach.com\/wp-content\/uploads\/2025\/06\/Photo-Thomas-300x200.jpg 300w, https:\/\/www.academiebach.com\/wp-content\/uploads\/2025\/06\/Photo-Thomas-768x512.jpg 768w, https:\/\/www.academiebach.com\/wp-content\/uploads\/2025\/06\/Photo-Thomas-620x413.jpg 620w, https:\/\/www.academiebach.com\/wp-content\/uploads\/2025\/06\/Photo-Thomas.jpg 1500w\" sizes=\"(max-width: 1024px) 100vw, 1024px\" \/><\/figure>\n\n\n\n<p class=\"has-small-font-size\"><\/p>\n\n\n\n<p>Fl\u00fbte, hautbois, clarinette, cor et basson, pour cette soir\u00e9e musicale laissons la place \u00e0 la famille des vents ! Formation de premier choix de l\u2019\u00e9poque classique et vecteur de la musique europ\u00e9enne, le quintette \u00e0 vent s\u2019est vu d\u00e9laiss\u00e9 au profit du quatuor \u00e0 cordes lors de la p\u00e9riode romantique. Heureusement, le 20\u00e8me si\u00e8cle lui redonne ses lettres de noblesse. <\/p>\n\n\n\n<p>Thomas Quinquenel (Orchestre de la Garde R\u00e9publicaine), Liselotte Schricke (Orchestre de Chambre de Paris), Tanguy Gallavardin (Orchestre de Pau Pays de B\u00e9arn), Dominique Descamps et Victor Haviez (tous deux membres de l&rsquo;Orchestre National Bordeaux Aquitaine) vous emporteront dans un programme dansant et original !<\/p>\n\n\n\n<p><\/p>\n\n\n\n<p><strong>Programme : <\/strong><\/p>\n\n\n\n<p>\u00e0 venir<\/p>\n\n\n\n<p><strong>ACHAT DES BILLETS :<\/strong><\/p>\n\n\n\n<p>R\u00e9servation (recommand\u00e9e) : <br>&#8211; via la plateforme HelloAsso : <a href=\"https:\/\/www.helloasso.com\/associations\/academie-jean-sebastien-bach\/evenements\/quintette-a-vent\">Quintette \u00e0 vent<\/a><br>&#8211; \u00e0 la Machine \u00e0 Musique&nbsp;: 15 rue du Parlement-Sainte-Catherine, Bordeaux&nbsp;&#8211; 05 56 44 81 53<br>&#8211; sur place le soir du concert (CB accept\u00e9e)<\/p>\n","protected":false},"excerpt":{"rendered":"<p>Quintette \u00e0 vent A 20h30 en l&rsquo;\u00c9glise Sainte-Clotilde du Bouscat Fl\u00fbte, hautbois, clarinette, cor et basson, pour cette soir\u00e9e musicale laissons la place \u00e0 la famille des vents ! Formation de premier choix de l\u2019\u00e9poque classique et vecteur de la musique europ\u00e9enne, le quintette \u00e0 vent s\u2019est vu d\u00e9laiss\u00e9 au profit du quatuor \u00e0 cordes [&hellip;]<\/p>\n","protected":false},"author":1,"featured_media":0,"parent":0,"menu_order":0,"comment_status":"closed","ping_status":"closed","template":"","meta":[],"_links":{"self":[{"href":"https:\/\/www.academiebach.com\/index.php\/wp-json\/wp\/v2\/pages\/816"}],"collection":[{"href":"https:\/\/www.academiebach.com\/index.php\/wp-json\/wp\/v2\/pages"}],"about":[{"href":"https:\/\/www.academiebach.com\/index.php\/wp-json\/wp\/v2\/types\/page"}],"author":[{"embeddable":true,"href":"https:\/\/www.academiebach.com\/index.php\/wp-json\/wp\/v2\/users\/1"}],"replies":[{"embeddable":true,"href":"https:\/\/www.academiebach.com\/index.php\/wp-json\/wp\/v2\/comments?post=816"}],"version-history":[{"count":7,"href":"https:\/\/www.academiebach.com\/index.php\/wp-json\/wp\/v2\/pages\/816\/revisions"}],"predecessor-version":[{"id":878,"href":"https:\/\/www.academiebach.com\/index.php\/wp-json\/wp\/v2\/pages\/816\/revisions\/878"}],"wp:attachment":[{"href":"https:\/\/www.academiebach.com\/index.php\/wp-json\/wp\/v2\/media?parent=816"}],"curies":[{"name":"wp","href":"https:\/\/api.w.org\/{rel}","templated":true}]}}